{"id":416,"date":"2024-06-28T07:12:04","date_gmt":"2024-06-28T05:12:04","guid":{"rendered":"https:\/\/dolphinsunsetrovinj.com\/?page_id=416"},"modified":"2024-06-29T21:05:20","modified_gmt":"2024-06-29T19:05:20","slug":"delfine-im-meer-rund-um-rovinj","status":"publish","type":"page","link":"https:\/\/dolphinsunsetrovinj.com\/de\/dupini-u-moru-oko-rovinja\/","title":{"rendered":"DUPINI U MORU OKO ROVINJA"},"content":{"rendered":"<div data-elementor-type=\"wp-page\" data-elementor-id=\"416\" class=\"elementor elementor-416\" data-elementor-settings=\"{&quot;element_pack_global_tooltip_width&quot;:{&quot;unit&quot;:&quot;px&quot;,&quot;size&quot;:&quot;&quot;,&quot;sizes&quot;:[]},&quot;element_pack_global_tooltip_width_widescreen&quot;:{&quot;unit&quot;:&quot;px&quot;,&quot;size&quot;:&quot;&quot;,&quot;sizes&quot;:[]},&quot;element_pack_global_tooltip_width_laptop&quot;:{&quot;unit&quot;:&quot;px&quot;,&quot;size&quot;:&quot;&quot;,&quot;sizes&quot;:[]},&quot;element_pack_global_tooltip_width_tablet&quot;:{&quot;unit&quot;:&quot;px&quot;,&quot;size&quot;:&quot;&quot;,&quot;sizes&quot;:[]},&quot;element_pack_global_tooltip_width_mobile&quot;:{&quot;unit&quot;:&quot;px&quot;,&quot;size&quot;:&quot;&quot;,&quot;sizes&quot;:[]},&quot;element_pack_global_tooltip_padding&quot;:{&quot;unit&quot;:&quot;px&quot;,&quot;top&quot;:&quot;&quot;,&quot;right&quot;:&quot;&quot;,&quot;bottom&quot;:&quot;&quot;,&quot;left&quot;:&quot;&quot;,&quot;isLinked&quot;:true},&quot;element_pack_global_tooltip_padding_widescreen&quot;:{&quot;unit&quot;:&quot;px&quot;,&quot;top&quot;:&quot;&quot;,&quot;right&quot;:&quot;&quot;,&quot;bottom&quot;:&quot;&quot;,&quot;left&quot;:&quot;&quot;,&quot;isLinked&quot;:true},&quot;element_pack_global_tooltip_padding_laptop&quot;:{&quot;unit&quot;:&quot;px&quot;,&quot;top&quot;:&quot;&quot;,&quot;right&quot;:&quot;&quot;,&quot;bottom&quot;:&quot;&quot;,&quot;left&quot;:&quot;&quot;,&quot;isLinked&quot;:true},&quot;element_pack_global_tooltip_padding_tablet&quot;:{&quot;unit&quot;:&quot;px&quot;,&quot;top&quot;:&quot;&quot;,&quot;right&quot;:&quot;&quot;,&quot;bottom&quot;:&quot;&quot;,&quot;left&quot;:&quot;&quot;,&quot;isLinked&quot;:true},&quot;element_pack_global_tooltip_padding_mobile&quot;:{&quot;unit&quot;:&quot;px&quot;,&quot;top&quot;:&quot;&quot;,&quot;right&quot;:&quot;&quot;,&quot;bottom&quot;:&quot;&quot;,&quot;left&quot;:&quot;&quot;,&quot;isLinked&quot;:true},&quot;element_pack_global_tooltip_border_radius&quot;:{&quot;unit&quot;:&quot;px&quot;,&quot;top&quot;:&quot;&quot;,&quot;right&quot;:&quot;&quot;,&quot;bottom&quot;:&quot;&quot;,&quot;left&quot;:&quot;&quot;,&quot;isLinked&quot;:true},&quot;element_pack_global_tooltip_border_radius_widescreen&quot;:{&quot;unit&quot;:&quot;px&quot;,&quot;top&quot;:&quot;&quot;,&quot;right&quot;:&quot;&quot;,&quot;bottom&quot;:&quot;&quot;,&quot;left&quot;:&quot;&quot;,&quot;isLinked&quot;:true},&quot;element_pack_global_tooltip_border_radius_laptop&quot;:{&quot;unit&quot;:&quot;px&quot;,&quot;top&quot;:&quot;&quot;,&quot;right&quot;:&quot;&quot;,&quot;bottom&quot;:&quot;&quot;,&quot;left&quot;:&quot;&quot;,&quot;isLinked&quot;:true},&quot;element_pack_global_tooltip_border_radius_tablet&quot;:{&quot;unit&quot;:&quot;px&quot;,&quot;top&quot;:&quot;&quot;,&quot;right&quot;:&quot;&quot;,&quot;bottom&quot;:&quot;&quot;,&quot;left&quot;:&quot;&quot;,&quot;isLinked&quot;:true},&quot;element_pack_global_tooltip_border_radius_mobile&quot;:{&quot;unit&quot;:&quot;px&quot;,&quot;top&quot;:&quot;&quot;,&quot;right&quot;:&quot;&quot;,&quot;bottom&quot;:&quot;&quot;,&quot;left&quot;:&quot;&quot;,&quot;isLinked&quot;:true}}\" data-elementor-post-type=\"page\">\n\t\t\t\t<div class=\"elementor-element elementor-element-cc4b1af e-con-full e-flex e-con e-parent\" data-id=\"cc4b1af\" data-element_type=\"container\" data-e-type=\"container\" data-settings=\"{&quot;background_background&quot;:&quot;classic&quot;}\">\n\t\t\t\t<div class=\"elementor-element elementor-element-9340954 elementor-invisible elementor-widget elementor-widget-heading\" data-id=\"9340954\" data-element_type=\"widget\" data-e-type=\"widget\" data-settings=\"{&quot;_animation&quot;:&quot;fadeIn&quot;,&quot;_animation_delay&quot;:200}\" data-widget_type=\"heading.default\">\n\t\t\t\t\t<h1 class=\"elementor-heading-title elementor-size-default\">Delfine im Meer rund um Rovinj<\/h1>\t\t\t\t<\/div>\n\t\t\t\t<\/div>\n\t\t<div class=\"elementor-element elementor-element-cba1de3 e-flex e-con-boxed e-con e-parent\" data-id=\"cba1de3\" data-element_type=\"container\" data-e-type=\"container\">\n\t\t\t\t\t<div class=\"e-con-inner\">\n\t\t<div class=\"elementor-element elementor-element-4259245 e-con-full e-flex e-con e-child\" data-id=\"4259245\" data-element_type=\"container\" data-e-type=\"container\">\n\t\t\t\t<div class=\"elementor-element elementor-element-1edd4e7 elementor-invisible elementor-widget elementor-widget-heading\" data-id=\"1edd4e7\" data-element_type=\"widget\" data-e-type=\"widget\" data-settings=\"{&quot;_animation&quot;:&quot;fadeIn&quot;,&quot;_animation_delay&quot;:200}\" data-widget_type=\"heading.default\">\n\t\t\t\t\t<h2 class=\"elementor-heading-title elementor-size-default\">Eigenschaften von Delfinen<\/h2>\t\t\t\t<\/div>\n\t\t\t\t<div class=\"elementor-element elementor-element-a59afcc elementor-widget elementor-widget-text-editor\" data-id=\"a59afcc\" data-element_type=\"widget\" data-e-type=\"widget\" data-widget_type=\"text-editor.default\">\n\t\t\t\t\t\t\t\t\t<p>Delfine sind faszinierende Meeresbewohner, die f\u00fcr ihre Intelligenz, ihr Sozialverhalten und ihre akrobatischen F\u00e4higkeiten bekannt sind. Delfine, die in der Adria, insbesondere in der Umgebung von Rovinj, leben, geh\u00f6ren haupts\u00e4chlich zur Art der Gro\u00dfen T\u00fcmmler (Tursiops truncatus). Diese Delfine sind mittelgro\u00df, normalerweise zwischen 2 und 4 Meter lang, mit glatter, grauer Haut und charakteristischen runden K\u00f6pfen mit einem ausgepr\u00e4gten \u201eL\u00e4cheln\u201c.<\/p>\t\t\t\t\t\t\t\t<\/div>\n\t\t\t\t<div class=\"elementor-element elementor-element-ff19290 elementor-widget elementor-widget-text-editor\" data-id=\"ff19290\" data-element_type=\"widget\" data-e-type=\"widget\" data-widget_type=\"text-editor.default\">\n\t\t\t\t\t\t\t\t\t<p>Reservieren Sie Ihren Platz f\u00fcr <a href=\"https:\/\/dolphinsunsetrovinj.com\/\">Delfin-Sonnenuntergangstour Rovinj<\/a><\/p>\t\t\t\t\t\t\t\t<\/div>\n\t\t\t\t<\/div>\n\t\t<div class=\"elementor-element elementor-element-584fc89 e-con-full e-flex e-con e-child\" data-id=\"584fc89\" data-element_type=\"container\" data-e-type=\"container\">\n\t\t\t\t<div class=\"elementor-element elementor-element-703c361 elementor-widget elementor-widget-image\" data-id=\"703c361\" data-element_type=\"widget\" data-e-type=\"widget\" data-widget_type=\"image.default\">\n\t\t\t\t\t\t\t\t\t\t\t\t\t\t\t<img fetchpriority=\"high\" decoding=\"async\" width=\"847\" height=\"640\" src=\"https:\/\/dolphinsunsetrovinj.com\/wp-content\/uploads\/2024\/06\/ponasanje-dupina.jpg\" class=\"attachment-full size-full wp-image-800\" alt=\"pona\u0161anje dupina\" srcset=\"https:\/\/dolphinsunsetrovinj.com\/wp-content\/uploads\/2024\/06\/ponasanje-dupina.jpg 847w, https:\/\/dolphinsunsetrovinj.com\/wp-content\/uploads\/2024\/06\/ponasanje-dupina-300x227.jpg 300w, https:\/\/dolphinsunsetrovinj.com\/wp-content\/uploads\/2024\/06\/ponasanje-dupina-768x580.jpg 768w\" sizes=\"(max-width: 847px) 100vw, 847px\" \/>\t\t\t\t\t\t\t\t\t\t\t\t\t\t\t<\/div>\n\t\t\t\t<\/div>\n\t\t\t\t\t<\/div>\n\t\t\t\t<\/div>\n\t\t<div class=\"elementor-element elementor-element-be7619e e-flex e-con-boxed e-con e-parent\" data-id=\"be7619e\" data-element_type=\"container\" data-e-type=\"container\" data-settings=\"{&quot;background_background&quot;:&quot;classic&quot;}\">\n\t\t\t\t\t<div class=\"e-con-inner\">\n\t\t<div class=\"elementor-element elementor-element-ec50243 e-con-full e-flex e-con e-child\" data-id=\"ec50243\" data-element_type=\"container\" data-e-type=\"container\">\n\t\t\t\t<div class=\"elementor-element elementor-element-05217ff elementor-invisible elementor-widget elementor-widget-heading\" data-id=\"05217ff\" data-element_type=\"widget\" data-e-type=\"widget\" data-settings=\"{&quot;_animation&quot;:&quot;fadeIn&quot;,&quot;_animation_delay&quot;:200}\" data-widget_type=\"heading.default\">\n\t\t\t\t\t<h3 class=\"elementor-heading-title elementor-size-default\">Verhalten von Delfinen<\/h3>\t\t\t\t<\/div>\n\t\t\t\t<div class=\"elementor-element elementor-element-e0443c2 elementor-widget elementor-widget-text-editor\" data-id=\"e0443c2\" data-element_type=\"widget\" data-e-type=\"widget\" data-widget_type=\"text-editor.default\">\n\t\t\t\t\t\t\t\t\t<p>Delfine sind sehr soziale Lebewesen, die in Gruppen leben, die als \u201eSchulen\u201c oder \u201eSchw\u00e4rme\u201c bekannt sind. Diese Gruppen k\u00f6nnen mehrere bis mehrere Dutzend Individuen umfassen. In Schulen zeigen Delfine komplexe Formen sozialen Verhaltens, einschlie\u00dflich gemeinsamer Jagd, Spiel und gegenseitiger F\u00fcrsorge. Die Kommunikation zwischen Delfinen erfolgt durch verschiedene Ger\u00e4usche wie Pfeifen, Klicken und Schwanzschlagen auf der Wasseroberfl\u00e4che.<\/p>\t\t\t\t\t\t\t\t<\/div>\n\t\t\t\t<div class=\"elementor-element elementor-element-ba86181 elementor-invisible elementor-widget elementor-widget-heading\" data-id=\"ba86181\" data-element_type=\"widget\" data-e-type=\"widget\" data-settings=\"{&quot;_animation&quot;:&quot;fadeIn&quot;,&quot;_animation_delay&quot;:200}\" data-widget_type=\"heading.default\">\n\t\t\t\t\t<h3 class=\"elementor-heading-title elementor-size-default\">Delfinspiele<\/h3>\t\t\t\t<\/div>\n\t\t\t\t<div class=\"elementor-element elementor-element-c69fad6 elementor-widget elementor-widget-text-editor\" data-id=\"c69fad6\" data-element_type=\"widget\" data-e-type=\"widget\" data-widget_type=\"text-editor.default\">\n\t\t\t\t\t\t\t\t\t<p>Spielen ist ein wesentlicher Bestandteil des Delfinlebens. Oft kann man sie dabei beobachten, wie sie aus dem Wasser springen und Pirouetten und andere akrobatische Man\u00f6ver ausf\u00fchren. Delfine spielen auch gerne mit Gegenst\u00e4nden im Wasser, wie zum Beispiel Algen oder Fischernetzen. Dieses Spiel macht nicht nur Spa\u00df, sondern ist auch eine M\u00f6glichkeit, Jagdf\u00e4higkeiten und soziale Interaktionen zu \u00fcben.<\/p>\t\t\t\t\t\t\t\t<\/div>\n\t\t\t\t<\/div>\n\t\t<div class=\"elementor-element elementor-element-e8a4501 e-con-full e-flex e-con e-child\" data-id=\"e8a4501\" data-element_type=\"container\" data-e-type=\"container\">\n\t\t\t\t<div class=\"elementor-element elementor-element-ac5f734 elementor-widget elementor-widget-image\" data-id=\"ac5f734\" data-element_type=\"widget\" data-e-type=\"widget\" data-widget_type=\"image.default\">\n\t\t\t\t\t\t\t\t\t\t\t\t\t\t\t<img decoding=\"async\" width=\"1000\" height=\"1000\" src=\"https:\/\/dolphinsunsetrovinj.com\/wp-content\/uploads\/2024\/06\/karakteristike-dupina-1.jpg\" class=\"attachment-full size-full wp-image-807\" alt=\"karakteristike dupina\" srcset=\"https:\/\/dolphinsunsetrovinj.com\/wp-content\/uploads\/2024\/06\/karakteristike-dupina-1.jpg 1000w, https:\/\/dolphinsunsetrovinj.com\/wp-content\/uploads\/2024\/06\/karakteristike-dupina-1-300x300.jpg 300w, https:\/\/dolphinsunsetrovinj.com\/wp-content\/uploads\/2024\/06\/karakteristike-dupina-1-150x150.jpg 150w, https:\/\/dolphinsunsetrovinj.com\/wp-content\/uploads\/2024\/06\/karakteristike-dupina-1-768x768.jpg 768w\" sizes=\"(max-width: 1000px) 100vw, 1000px\" \/>\t\t\t\t\t\t\t\t\t\t\t\t\t\t\t<\/div>\n\t\t\t\t<\/div>\n\t\t\t\t\t<\/div>\n\t\t\t\t<\/div>\n\t\t<div class=\"elementor-element elementor-element-e25b8a2 e-flex e-con-boxed e-con e-parent\" data-id=\"e25b8a2\" data-element_type=\"container\" data-e-type=\"container\">\n\t\t\t\t\t<div class=\"e-con-inner\">\n\t\t<div class=\"elementor-element elementor-element-df806b2 e-con-full e-flex e-con e-child\" data-id=\"df806b2\" data-element_type=\"container\" data-e-type=\"container\">\n\t\t\t\t<div class=\"elementor-element elementor-element-6d069ea elementor-invisible elementor-widget elementor-widget-heading\" data-id=\"6d069ea\" data-element_type=\"widget\" data-e-type=\"widget\" data-settings=\"{&quot;_animation&quot;:&quot;fadeIn&quot;,&quot;_animation_delay&quot;:200}\" data-widget_type=\"heading.default\">\n\t\t\t\t\t<h2 class=\"elementor-heading-title elementor-size-default\">Delfin-Lebensstil<\/h2>\t\t\t\t<\/div>\n\t\t\t\t<div class=\"elementor-element elementor-element-b3437c0 elementor-widget elementor-widget-text-editor\" data-id=\"b3437c0\" data-element_type=\"widget\" data-e-type=\"widget\" data-widget_type=\"text-editor.default\">\n\t\t\t\t\t\t\t\t\t<p>Delfine sind aktive J\u00e4ger, die sich von Fischen und Tintenfischen ern\u00e4hren. In der Adria z\u00e4hlen zu ihren Beutetieren h\u00e4ufig Sardinen, Sardellen, Makrelen und andere kleine Fische. Sie jagen normalerweise in Gruppen und nutzen ausgefeilte Techniken wie das Erzeugen von Blasen, um Fische zu verdichten, oder koordinierte Angriffe.<\/p><p>Delfine sind f\u00fcr ihre Intelligenz und Probleml\u00f6sungsf\u00e4higkeiten bekannt. Sie nutzen die Echoortung, eine Methode des biologischen Sonars, zur Navigation und Jagd. Durch das Aussenden von Ger\u00e4uschen und das Abh\u00f6ren von Echos k\u00f6nnen Delfine Beute und Hindernisse in ihrer Umgebung pr\u00e4zise lokalisieren.<\/p>\t\t\t\t\t\t\t\t<\/div>\n\t\t\t\t<div class=\"elementor-element elementor-element-46db347 elementor-invisible elementor-widget elementor-widget-heading\" data-id=\"46db347\" data-element_type=\"widget\" data-e-type=\"widget\" data-settings=\"{&quot;_animation&quot;:&quot;fadeIn&quot;,&quot;_animation_delay&quot;:200}\" data-widget_type=\"heading.default\">\n\t\t\t\t\t<h3 class=\"elementor-heading-title elementor-size-default\">Delfine im Meer rund um Rovinj<\/h3>\t\t\t\t<\/div>\n\t\t\t\t<div class=\"elementor-element elementor-element-2c868ad elementor-widget elementor-widget-text-editor\" data-id=\"2c868ad\" data-element_type=\"widget\" data-e-type=\"widget\" data-widget_type=\"text-editor.default\">\n\t\t\t\t\t\t\t\t\t<p>In den Gew\u00e4ssern um Rovinj haben Delfine dank des klaren Meeres und der F\u00fclle an Nahrung einen relativ stabilen Lebensraum. Allerdings stehen sie auch vor Herausforderungen wie Umweltverschmutzung, Beifang in Fischernetzen und der Ersch\u00f6pfung der Fischbest\u00e4nde aufgrund von \u00dcberfischung.<\/p><p>Trotz dieser Herausforderungen zeigen Delfine in der Adria eine unglaubliche Widerstandskraft und Anpassungsf\u00e4higkeit. Sie spielen eine Schl\u00fcsselrolle im \u00d6kosystem und fungieren als Top-Raubtiere, die dazu beitragen, das Gleichgewicht des Meereslebens aufrechtzuerhalten.<\/p>\t\t\t\t\t\t\t\t<\/div>\n\t\t\t\t<div class=\"elementor-element elementor-element-157fb0a elementor-invisible elementor-widget elementor-widget-heading\" data-id=\"157fb0a\" data-element_type=\"widget\" data-e-type=\"widget\" data-settings=\"{&quot;_animation&quot;:&quot;fadeIn&quot;,&quot;_animation_delay&quot;:200}\" data-widget_type=\"heading.default\">\n\t\t\t\t\t<h3 class=\"elementor-heading-title elementor-size-default\">Der Zauber der Adria<\/h3>\t\t\t\t<\/div>\n\t\t\t\t<div class=\"elementor-element elementor-element-47f4205 elementor-widget elementor-widget-text-editor\" data-id=\"47f4205\" data-element_type=\"widget\" data-e-type=\"widget\" data-widget_type=\"text-editor.default\">\n\t\t\t\t\t\t\t\t\t<p>Delfine in der N\u00e4he von Rovinj sind der wahre Zauber der Adria. Ihre Intelligenz, ihr Sozialverhalten, ihre Spiel- und Anpassungsf\u00e4higkeit machen sie zu faszinierenden Lebewesen, die das \u00d6kosystem Meer bereichern und allen Beobachtern Freude bereiten. Den Anblick von Delfinen in ihrem nat\u00fcrlichen Lebensraum zu genie\u00dfen, insbesondere bei unvergesslichen Sonnenunterg\u00e4ngen, ist ein Erlebnis, das man so schnell nicht vergisst.<\/p>\t\t\t\t\t\t\t\t<\/div>\n\t\t\t\t<\/div>\n\t\t<div class=\"elementor-element elementor-element-99d2f88 e-con-full e-flex e-con e-child\" data-id=\"99d2f88\" data-element_type=\"container\" data-e-type=\"container\">\n\t\t\t\t<div class=\"elementor-element elementor-element-e8ea938 elementor-widget elementor-widget-image\" data-id=\"e8ea938\" data-element_type=\"widget\" data-e-type=\"widget\" data-widget_type=\"image.default\">\n\t\t\t\t\t\t\t\t\t\t\t\t\t\t\t<img decoding=\"async\" width=\"560\" height=\"1000\" src=\"https:\/\/dolphinsunsetrovinj.com\/wp-content\/uploads\/2024\/06\/igre-delfina-1.jpg\" class=\"attachment-full size-full wp-image-809\" alt=\"Igra je sastavni dio \u017eivota dupina\" srcset=\"https:\/\/dolphinsunsetrovinj.com\/wp-content\/uploads\/2024\/06\/igre-delfina-1.jpg 560w, https:\/\/dolphinsunsetrovinj.com\/wp-content\/uploads\/2024\/06\/igre-delfina-1-168x300.jpg 168w\" sizes=\"(max-width: 560px) 100vw, 560px\" \/>\t\t\t\t\t\t\t\t\t\t\t\t\t\t\t<\/div>\n\t\t\t\t<\/div>\n\t\t\t\t\t<\/div>\n\t\t\t\t<\/div>\n\t\t\t\t<\/div>","protected":false},"excerpt":{"rendered":"<p>dupini u moru oko rovinja Karakteristike Dupina Dupini su fascinantna morska stvorenja poznata po svojoj inteligenciji, dru\u0161tvenom pona\u0161anju i akrobatskim sposobnostima. Dupini koji \u017eive u Jadranskom moru, posebno oko Rovinja, uglavnom pripadaju vrsti dobri dupin (Tursiops truncatus). Ovi dupini su srednje veli\u010dine, obi\u010dno dugi izme\u0111u 2 i 4 metra, s glatkom, sivom ko\u017eom i karakteristi\u010dnim [&hellip;]<\/p>\n","protected":false},"author":1,"featured_media":0,"parent":0,"menu_order":0,"comment_status":"closed","ping_status":"closed","template":"","meta":{"footnotes":""},"class_list":["post-416","page","type-page","status-publish","hentry"],"_links":{"self":[{"href":"https:\/\/dolphinsunsetrovinj.com\/de\/wp-json\/wp\/v2\/pages\/416","targetHints":{"allow":["GET"]}}],"collection":[{"href":"https:\/\/dolphinsunsetrovinj.com\/de\/wp-json\/wp\/v2\/pages"}],"about":[{"href":"https:\/\/dolphinsunsetrovinj.com\/de\/wp-json\/wp\/v2\/types\/page"}],"author":[{"embeddable":true,"href":"https:\/\/dolphinsunsetrovinj.com\/de\/wp-json\/wp\/v2\/users\/1"}],"replies":[{"embeddable":true,"href":"https:\/\/dolphinsunsetrovinj.com\/de\/wp-json\/wp\/v2\/comments?post=416"}],"version-history":[{"count":0,"href":"https:\/\/dolphinsunsetrovinj.com\/de\/wp-json\/wp\/v2\/pages\/416\/revisions"}],"wp:attachment":[{"href":"https:\/\/dolphinsunsetrovinj.com\/de\/wp-json\/wp\/v2\/media?parent=416"}],"curies":[{"name":"wp","href":"https:\/\/api.w.org\/{rel}","templated":true}]}}