{"id":416,"date":"2024-06-28T07:12:04","date_gmt":"2024-06-28T05:12:04","guid":{"rendered":"https:\/\/dolphinsunsetrovinj.com\/?page_id=416"},"modified":"2024-06-29T21:05:20","modified_gmt":"2024-06-29T19:05:20","slug":"delfini-nel-mare-intorno-a-rovigno","status":"publish","type":"page","link":"https:\/\/dolphinsunsetrovinj.com\/it\/dupini-u-moru-oko-rovinja\/","title":{"rendered":"DUPINI U MORU OKO ROVINJA"},"content":{"rendered":"<div data-elementor-type=\"wp-page\" data-elementor-id=\"416\" class=\"elementor elementor-416\" data-elementor-settings=\"{&quot;element_pack_global_tooltip_width&quot;:{&quot;unit&quot;:&quot;px&quot;,&quot;size&quot;:&quot;&quot;,&quot;sizes&quot;:[]},&quot;element_pack_global_tooltip_width_widescreen&quot;:{&quot;unit&quot;:&quot;px&quot;,&quot;size&quot;:&quot;&quot;,&quot;sizes&quot;:[]},&quot;element_pack_global_tooltip_width_laptop&quot;:{&quot;unit&quot;:&quot;px&quot;,&quot;size&quot;:&quot;&quot;,&quot;sizes&quot;:[]},&quot;element_pack_global_tooltip_width_tablet&quot;:{&quot;unit&quot;:&quot;px&quot;,&quot;size&quot;:&quot;&quot;,&quot;sizes&quot;:[]},&quot;element_pack_global_tooltip_width_mobile&quot;:{&quot;unit&quot;:&quot;px&quot;,&quot;size&quot;:&quot;&quot;,&quot;sizes&quot;:[]},&quot;element_pack_global_tooltip_padding&quot;:{&quot;unit&quot;:&quot;px&quot;,&quot;top&quot;:&quot;&quot;,&quot;right&quot;:&quot;&quot;,&quot;bottom&quot;:&quot;&quot;,&quot;left&quot;:&quot;&quot;,&quot;isLinked&quot;:true},&quot;element_pack_global_tooltip_padding_widescreen&quot;:{&quot;unit&quot;:&quot;px&quot;,&quot;top&quot;:&quot;&quot;,&quot;right&quot;:&quot;&quot;,&quot;bottom&quot;:&quot;&quot;,&quot;left&quot;:&quot;&quot;,&quot;isLinked&quot;:true},&quot;element_pack_global_tooltip_padding_laptop&quot;:{&quot;unit&quot;:&quot;px&quot;,&quot;top&quot;:&quot;&quot;,&quot;right&quot;:&quot;&quot;,&quot;bottom&quot;:&quot;&quot;,&quot;left&quot;:&quot;&quot;,&quot;isLinked&quot;:true},&quot;element_pack_global_tooltip_padding_tablet&quot;:{&quot;unit&quot;:&quot;px&quot;,&quot;top&quot;:&quot;&quot;,&quot;right&quot;:&quot;&quot;,&quot;bottom&quot;:&quot;&quot;,&quot;left&quot;:&quot;&quot;,&quot;isLinked&quot;:true},&quot;element_pack_global_tooltip_padding_mobile&quot;:{&quot;unit&quot;:&quot;px&quot;,&quot;top&quot;:&quot;&quot;,&quot;right&quot;:&quot;&quot;,&quot;bottom&quot;:&quot;&quot;,&quot;left&quot;:&quot;&quot;,&quot;isLinked&quot;:true},&quot;element_pack_global_tooltip_border_radius&quot;:{&quot;unit&quot;:&quot;px&quot;,&quot;top&quot;:&quot;&quot;,&quot;right&quot;:&quot;&quot;,&quot;bottom&quot;:&quot;&quot;,&quot;left&quot;:&quot;&quot;,&quot;isLinked&quot;:true},&quot;element_pack_global_tooltip_border_radius_widescreen&quot;:{&quot;unit&quot;:&quot;px&quot;,&quot;top&quot;:&quot;&quot;,&quot;right&quot;:&quot;&quot;,&quot;bottom&quot;:&quot;&quot;,&quot;left&quot;:&quot;&quot;,&quot;isLinked&quot;:true},&quot;element_pack_global_tooltip_border_radius_laptop&quot;:{&quot;unit&quot;:&quot;px&quot;,&quot;top&quot;:&quot;&quot;,&quot;right&quot;:&quot;&quot;,&quot;bottom&quot;:&quot;&quot;,&quot;left&quot;:&quot;&quot;,&quot;isLinked&quot;:true},&quot;element_pack_global_tooltip_border_radius_tablet&quot;:{&quot;unit&quot;:&quot;px&quot;,&quot;top&quot;:&quot;&quot;,&quot;right&quot;:&quot;&quot;,&quot;bottom&quot;:&quot;&quot;,&quot;left&quot;:&quot;&quot;,&quot;isLinked&quot;:true},&quot;element_pack_global_tooltip_border_radius_mobile&quot;:{&quot;unit&quot;:&quot;px&quot;,&quot;top&quot;:&quot;&quot;,&quot;right&quot;:&quot;&quot;,&quot;bottom&quot;:&quot;&quot;,&quot;left&quot;:&quot;&quot;,&quot;isLinked&quot;:true}}\" data-elementor-post-type=\"page\">\n\t\t\t\t<div class=\"elementor-element elementor-element-cc4b1af e-con-full e-flex e-con e-parent\" data-id=\"cc4b1af\" data-element_type=\"container\" data-e-type=\"container\" data-settings=\"{&quot;background_background&quot;:&quot;classic&quot;}\">\n\t\t\t\t<div class=\"elementor-element elementor-element-9340954 elementor-invisible elementor-widget elementor-widget-heading\" data-id=\"9340954\" data-element_type=\"widget\" data-e-type=\"widget\" data-settings=\"{&quot;_animation&quot;:&quot;fadeIn&quot;,&quot;_animation_delay&quot;:200}\" data-widget_type=\"heading.default\">\n\t\t\t\t\t<h1 class=\"elementor-heading-title elementor-size-default\">delfini nel mare intorno a Rovigno<\/h1>\t\t\t\t<\/div>\n\t\t\t\t<\/div>\n\t\t<div class=\"elementor-element elementor-element-cba1de3 e-flex e-con-boxed e-con e-parent\" data-id=\"cba1de3\" data-element_type=\"container\" data-e-type=\"container\">\n\t\t\t\t\t<div class=\"e-con-inner\">\n\t\t<div class=\"elementor-element elementor-element-4259245 e-con-full e-flex e-con e-child\" data-id=\"4259245\" data-element_type=\"container\" data-e-type=\"container\">\n\t\t\t\t<div class=\"elementor-element elementor-element-1edd4e7 elementor-invisible elementor-widget elementor-widget-heading\" data-id=\"1edd4e7\" data-element_type=\"widget\" data-e-type=\"widget\" data-settings=\"{&quot;_animation&quot;:&quot;fadeIn&quot;,&quot;_animation_delay&quot;:200}\" data-widget_type=\"heading.default\">\n\t\t\t\t\t<h2 class=\"elementor-heading-title elementor-size-default\">Caratteristiche dei delfini<\/h2>\t\t\t\t<\/div>\n\t\t\t\t<div class=\"elementor-element elementor-element-a59afcc elementor-widget elementor-widget-text-editor\" data-id=\"a59afcc\" data-element_type=\"widget\" data-e-type=\"widget\" data-widget_type=\"text-editor.default\">\n\t\t\t\t\t\t\t\t\t<p>I delfini sono affascinanti creature marine note per la loro intelligenza, comportamento sociale e abilit\u00e0 acrobatiche. I delfini che vivono nel mare Adriatico, soprattutto intorno a Rovigno, appartengono principalmente alla specie del delfino tursiope (Tursiops truncatus). Questi delfini sono di taglia media, solitamente tra i 2 e i 4 metri di lunghezza, con pelle liscia e grigia e caratteristiche teste arrotondate con un pronunciato \"sorriso\".<\/p>\t\t\t\t\t\t\t\t<\/div>\n\t\t\t\t<div class=\"elementor-element elementor-element-ff19290 elementor-widget elementor-widget-text-editor\" data-id=\"ff19290\" data-element_type=\"widget\" data-e-type=\"widget\" data-widget_type=\"text-editor.default\">\n\t\t\t\t\t\t\t\t\t<p>Prenota il tuo posto per <a href=\"https:\/\/dolphinsunsetrovinj.com\/\">Tour al tramonto con i delfini Rovigno<\/a><\/p>\t\t\t\t\t\t\t\t<\/div>\n\t\t\t\t<\/div>\n\t\t<div class=\"elementor-element elementor-element-584fc89 e-con-full e-flex e-con e-child\" data-id=\"584fc89\" data-element_type=\"container\" data-e-type=\"container\">\n\t\t\t\t<div class=\"elementor-element elementor-element-703c361 elementor-widget elementor-widget-image\" data-id=\"703c361\" data-element_type=\"widget\" data-e-type=\"widget\" data-widget_type=\"image.default\">\n\t\t\t\t\t\t\t\t\t\t\t\t\t\t\t<img fetchpriority=\"high\" decoding=\"async\" width=\"847\" height=\"640\" src=\"https:\/\/dolphinsunsetrovinj.com\/wp-content\/uploads\/2024\/06\/ponasanje-dupina.jpg\" class=\"attachment-full size-full wp-image-800\" alt=\"pona\u0161anje dupina\" srcset=\"https:\/\/dolphinsunsetrovinj.com\/wp-content\/uploads\/2024\/06\/ponasanje-dupina.jpg 847w, https:\/\/dolphinsunsetrovinj.com\/wp-content\/uploads\/2024\/06\/ponasanje-dupina-300x227.jpg 300w, https:\/\/dolphinsunsetrovinj.com\/wp-content\/uploads\/2024\/06\/ponasanje-dupina-768x580.jpg 768w\" sizes=\"(max-width: 847px) 100vw, 847px\" \/>\t\t\t\t\t\t\t\t\t\t\t\t\t\t\t<\/div>\n\t\t\t\t<\/div>\n\t\t\t\t\t<\/div>\n\t\t\t\t<\/div>\n\t\t<div class=\"elementor-element elementor-element-be7619e e-flex e-con-boxed e-con e-parent\" data-id=\"be7619e\" data-element_type=\"container\" data-e-type=\"container\" data-settings=\"{&quot;background_background&quot;:&quot;classic&quot;}\">\n\t\t\t\t\t<div class=\"e-con-inner\">\n\t\t<div class=\"elementor-element elementor-element-ec50243 e-con-full e-flex e-con e-child\" data-id=\"ec50243\" data-element_type=\"container\" data-e-type=\"container\">\n\t\t\t\t<div class=\"elementor-element elementor-element-05217ff elementor-invisible elementor-widget elementor-widget-heading\" data-id=\"05217ff\" data-element_type=\"widget\" data-e-type=\"widget\" data-settings=\"{&quot;_animation&quot;:&quot;fadeIn&quot;,&quot;_animation_delay&quot;:200}\" data-widget_type=\"heading.default\">\n\t\t\t\t\t<h3 class=\"elementor-heading-title elementor-size-default\">Comportamento dei delfini<\/h3>\t\t\t\t<\/div>\n\t\t\t\t<div class=\"elementor-element elementor-element-e0443c2 elementor-widget elementor-widget-text-editor\" data-id=\"e0443c2\" data-element_type=\"widget\" data-e-type=\"widget\" data-widget_type=\"text-editor.default\">\n\t\t\t\t\t\t\t\t\t<p>I delfini sono creature molto sociali che vivono in gruppi conosciuti come \"studi\" o \"stormi\". Questi gruppi possono contenere da diverse a diverse decine di individui. All\u2019interno delle scuole, i delfini mostrano forme complesse di comportamento sociale, tra cui la caccia in comune, il gioco e la cura reciproca. La comunicazione tra i delfini avviene attraverso vari suoni come fischi, clic e colpi di coda sulla superficie dell'acqua.<\/p>\t\t\t\t\t\t\t\t<\/div>\n\t\t\t\t<div class=\"elementor-element elementor-element-ba86181 elementor-invisible elementor-widget elementor-widget-heading\" data-id=\"ba86181\" data-element_type=\"widget\" data-e-type=\"widget\" data-settings=\"{&quot;_animation&quot;:&quot;fadeIn&quot;,&quot;_animation_delay&quot;:200}\" data-widget_type=\"heading.default\">\n\t\t\t\t\t<h3 class=\"elementor-heading-title elementor-size-default\">Giochi di delfini<\/h3>\t\t\t\t<\/div>\n\t\t\t\t<div class=\"elementor-element elementor-element-c69fad6 elementor-widget elementor-widget-text-editor\" data-id=\"c69fad6\" data-element_type=\"widget\" data-e-type=\"widget\" data-widget_type=\"text-editor.default\">\n\t\t\t\t\t\t\t\t\t<p>Il gioco \u00e8 parte integrante della vita dei delfini. Spesso possono essere visti saltare fuori dall'acqua, eseguire piroette e altre manovre acrobatiche. Ai delfini piace anche giocare con gli oggetti presenti nell'acqua, come le alghe o le reti da pesca. Questo gioco non \u00e8 solo divertente, ma anche un modo per praticare le abilit\u00e0 di caccia e le interazioni sociali.<\/p>\t\t\t\t\t\t\t\t<\/div>\n\t\t\t\t<\/div>\n\t\t<div class=\"elementor-element elementor-element-e8a4501 e-con-full e-flex e-con e-child\" data-id=\"e8a4501\" data-element_type=\"container\" data-e-type=\"container\">\n\t\t\t\t<div class=\"elementor-element elementor-element-ac5f734 elementor-widget elementor-widget-image\" data-id=\"ac5f734\" data-element_type=\"widget\" data-e-type=\"widget\" data-widget_type=\"image.default\">\n\t\t\t\t\t\t\t\t\t\t\t\t\t\t\t<img decoding=\"async\" width=\"1000\" height=\"1000\" src=\"https:\/\/dolphinsunsetrovinj.com\/wp-content\/uploads\/2024\/06\/karakteristike-dupina-1.jpg\" class=\"attachment-full size-full wp-image-807\" alt=\"karakteristike dupina\" srcset=\"https:\/\/dolphinsunsetrovinj.com\/wp-content\/uploads\/2024\/06\/karakteristike-dupina-1.jpg 1000w, https:\/\/dolphinsunsetrovinj.com\/wp-content\/uploads\/2024\/06\/karakteristike-dupina-1-300x300.jpg 300w, https:\/\/dolphinsunsetrovinj.com\/wp-content\/uploads\/2024\/06\/karakteristike-dupina-1-150x150.jpg 150w, https:\/\/dolphinsunsetrovinj.com\/wp-content\/uploads\/2024\/06\/karakteristike-dupina-1-768x768.jpg 768w\" sizes=\"(max-width: 1000px) 100vw, 1000px\" \/>\t\t\t\t\t\t\t\t\t\t\t\t\t\t\t<\/div>\n\t\t\t\t<\/div>\n\t\t\t\t\t<\/div>\n\t\t\t\t<\/div>\n\t\t<div class=\"elementor-element elementor-element-e25b8a2 e-flex e-con-boxed e-con e-parent\" data-id=\"e25b8a2\" data-element_type=\"container\" data-e-type=\"container\">\n\t\t\t\t\t<div class=\"e-con-inner\">\n\t\t<div class=\"elementor-element elementor-element-df806b2 e-con-full e-flex e-con e-child\" data-id=\"df806b2\" data-element_type=\"container\" data-e-type=\"container\">\n\t\t\t\t<div class=\"elementor-element elementor-element-6d069ea elementor-invisible elementor-widget elementor-widget-heading\" data-id=\"6d069ea\" data-element_type=\"widget\" data-e-type=\"widget\" data-settings=\"{&quot;_animation&quot;:&quot;fadeIn&quot;,&quot;_animation_delay&quot;:200}\" data-widget_type=\"heading.default\">\n\t\t\t\t\t<h2 class=\"elementor-heading-title elementor-size-default\">Stile di vita dei delfini<\/h2>\t\t\t\t<\/div>\n\t\t\t\t<div class=\"elementor-element elementor-element-b3437c0 elementor-widget elementor-widget-text-editor\" data-id=\"b3437c0\" data-element_type=\"widget\" data-e-type=\"widget\" data-widget_type=\"text-editor.default\">\n\t\t\t\t\t\t\t\t\t<p>I delfini sono cacciatori attivi che si nutrono di pesci e calamari. Nel mare Adriatico le loro prede sono spesso sardine, acciughe, sgombri e altri piccoli pesci. Di solito cacciano in gruppo, utilizzando tecniche sofisticate come la creazione di bolle per compattare i pesci o attacchi coordinati.<\/p><p>I delfini sono noti per la loro intelligenza e capacit\u00e0 di risoluzione dei problemi. Usano l'ecolocalizzazione, un metodo di sonar biologico, per la navigazione e la caccia. Emettendo suoni e ascoltando gli echi, i delfini possono localizzare con precisione prede e ostacoli nel loro ambiente.<\/p>\t\t\t\t\t\t\t\t<\/div>\n\t\t\t\t<div class=\"elementor-element elementor-element-46db347 elementor-invisible elementor-widget elementor-widget-heading\" data-id=\"46db347\" data-element_type=\"widget\" data-e-type=\"widget\" data-settings=\"{&quot;_animation&quot;:&quot;fadeIn&quot;,&quot;_animation_delay&quot;:200}\" data-widget_type=\"heading.default\">\n\t\t\t\t\t<h3 class=\"elementor-heading-title elementor-size-default\">Delfini nel mare intorno a Rovigno<\/h3>\t\t\t\t<\/div>\n\t\t\t\t<div class=\"elementor-element elementor-element-2c868ad elementor-widget elementor-widget-text-editor\" data-id=\"2c868ad\" data-element_type=\"widget\" data-e-type=\"widget\" data-widget_type=\"text-editor.default\">\n\t\t\t\t\t\t\t\t\t<p>Nelle acque intorno a Rovigno i delfini hanno un habitat relativamente stabile grazie al mare limpido e all'abbondanza di cibo. Tuttavia, devono affrontare anche sfide quali l\u2019inquinamento, le catture accessorie nelle reti da pesca e l\u2019esaurimento degli stock ittici a causa della pesca eccessiva.<\/p><p>Nonostante queste sfide, i delfini nel Mar Adriatico mostrano un\u2019incredibile resilienza e adattabilit\u00e0. Svolgono un ruolo chiave nell'ecosistema, agendo come i principali predatori che aiutano a mantenere l'equilibrio della vita marina.<\/p>\t\t\t\t\t\t\t\t<\/div>\n\t\t\t\t<div class=\"elementor-element elementor-element-157fb0a elementor-invisible elementor-widget elementor-widget-heading\" data-id=\"157fb0a\" data-element_type=\"widget\" data-e-type=\"widget\" data-settings=\"{&quot;_animation&quot;:&quot;fadeIn&quot;,&quot;_animation_delay&quot;:200}\" data-widget_type=\"heading.default\">\n\t\t\t\t\t<h3 class=\"elementor-heading-title elementor-size-default\">La magia del Mar Adriatico<\/h3>\t\t\t\t<\/div>\n\t\t\t\t<div class=\"elementor-element elementor-element-47f4205 elementor-widget elementor-widget-text-editor\" data-id=\"47f4205\" data-element_type=\"widget\" data-e-type=\"widget\" data-widget_type=\"text-editor.default\">\n\t\t\t\t\t\t\t\t\t<p>I delfini vicino a Rovigno sono la vera magia del Mare Adriatico. La loro intelligenza, comportamento sociale, gioco e adattabilit\u00e0 li rendono creature affascinanti che arricchiscono l'ecosistema marino e portano gioia a tutti gli osservatori. Godere della vista dei delfini nel loro habitat naturale, soprattutto durante tramonti indimenticabili, \u00e8 un'esperienza che non si dimentica facilmente.<\/p>\t\t\t\t\t\t\t\t<\/div>\n\t\t\t\t<\/div>\n\t\t<div class=\"elementor-element elementor-element-99d2f88 e-con-full e-flex e-con e-child\" data-id=\"99d2f88\" data-element_type=\"container\" data-e-type=\"container\">\n\t\t\t\t<div class=\"elementor-element elementor-element-e8ea938 elementor-widget elementor-widget-image\" data-id=\"e8ea938\" data-element_type=\"widget\" data-e-type=\"widget\" data-widget_type=\"image.default\">\n\t\t\t\t\t\t\t\t\t\t\t\t\t\t\t<img decoding=\"async\" width=\"560\" height=\"1000\" src=\"https:\/\/dolphinsunsetrovinj.com\/wp-content\/uploads\/2024\/06\/igre-delfina-1.jpg\" class=\"attachment-full size-full wp-image-809\" alt=\"Igra je sastavni dio \u017eivota dupina\" srcset=\"https:\/\/dolphinsunsetrovinj.com\/wp-content\/uploads\/2024\/06\/igre-delfina-1.jpg 560w, https:\/\/dolphinsunsetrovinj.com\/wp-content\/uploads\/2024\/06\/igre-delfina-1-168x300.jpg 168w\" sizes=\"(max-width: 560px) 100vw, 560px\" \/>\t\t\t\t\t\t\t\t\t\t\t\t\t\t\t<\/div>\n\t\t\t\t<\/div>\n\t\t\t\t\t<\/div>\n\t\t\t\t<\/div>\n\t\t\t\t<\/div>","protected":false},"excerpt":{"rendered":"<p>dupini u moru oko rovinja Karakteristike Dupina Dupini su fascinantna morska stvorenja poznata po svojoj inteligenciji, dru\u0161tvenom pona\u0161anju i akrobatskim sposobnostima. Dupini koji \u017eive u Jadranskom moru, posebno oko Rovinja, uglavnom pripadaju vrsti dobri dupin (Tursiops truncatus). Ovi dupini su srednje veli\u010dine, obi\u010dno dugi izme\u0111u 2 i 4 metra, s glatkom, sivom ko\u017eom i karakteristi\u010dnim [&hellip;]<\/p>\n","protected":false},"author":1,"featured_media":0,"parent":0,"menu_order":0,"comment_status":"closed","ping_status":"closed","template":"","meta":{"footnotes":""},"class_list":["post-416","page","type-page","status-publish","hentry"],"_links":{"self":[{"href":"https:\/\/dolphinsunsetrovinj.com\/it\/wp-json\/wp\/v2\/pages\/416","targetHints":{"allow":["GET"]}}],"collection":[{"href":"https:\/\/dolphinsunsetrovinj.com\/it\/wp-json\/wp\/v2\/pages"}],"about":[{"href":"https:\/\/dolphinsunsetrovinj.com\/it\/wp-json\/wp\/v2\/types\/page"}],"author":[{"embeddable":true,"href":"https:\/\/dolphinsunsetrovinj.com\/it\/wp-json\/wp\/v2\/users\/1"}],"replies":[{"embeddable":true,"href":"https:\/\/dolphinsunsetrovinj.com\/it\/wp-json\/wp\/v2\/comments?post=416"}],"version-history":[{"count":0,"href":"https:\/\/dolphinsunsetrovinj.com\/it\/wp-json\/wp\/v2\/pages\/416\/revisions"}],"wp:attachment":[{"href":"https:\/\/dolphinsunsetrovinj.com\/it\/wp-json\/wp\/v2\/media?parent=416"}],"curies":[{"name":"wp","href":"https:\/\/api.w.org\/{rel}","templated":true}]}}